{"id":19,"date":"2026-03-16T15:47:41","date_gmt":"2026-03-16T14:47:41","guid":{"rendered":"https:\/\/www.concertsinvienna.com\/?page_id=19"},"modified":"2026-03-17T15:28:27","modified_gmt":"2026-03-17T14:28:27","slug":"startseite","status":"publish","type":"page","link":"https:\/\/www.concertsinvienna.com\/de\/","title":{"rendered":"Startseite"},"content":{"rendered":"<div data-elementor-type=\"wp-page\" data-elementor-id=\"19\" class=\"elementor elementor-19\" data-elementor-post-type=\"page\">\n\t\t\t\t<div class=\"elementor-element elementor-element-ebb9fe3 e-con-full e-flex e-con e-parent\" data-id=\"ebb9fe3\" data-element_type=\"container\" data-e-type=\"container\" data-settings=\"{&quot;background_background&quot;:&quot;classic&quot;}\">\n\t\t<div class=\"elementor-element elementor-element-d71aab0 e-flex e-con-boxed e-con e-child\" data-id=\"d71aab0\" data-element_type=\"container\" data-e-type=\"container\" data-settings=\"{&quot;background_background&quot;:&quot;classic&quot;}\">\n\t\t\t\t\t<div class=\"e-con-inner\">\n\t\t\t\t<div class=\"elementor-element elementor-element-ba9d639 elementor-widget elementor-widget-heading\" data-id=\"ba9d639\" data-element_type=\"widget\" data-e-type=\"widget\" data-widget_type=\"heading.default\">\n\t\t\t\t\t<h1 class=\"elementor-heading-title elementor-size-default\">Classical Concerts in Vienna<\/h1>\t\t\t\t<\/div>\n\t\t\t\t<div class=\"elementor-element elementor-element-7100efb elementor-widget elementor-widget-heading\" data-id=\"7100efb\" data-element_type=\"widget\" data-e-type=\"widget\" data-widget_type=\"heading.default\">\n\t\t\t\t\t<h2 class=\"elementor-heading-title elementor-size-default\">Daily Concerts in Vienna's finest venues<\/h2>\t\t\t\t<\/div>\n\t\t\t\t\t<\/div>\n\t\t\t\t<\/div>\n\t\t<div class=\"elementor-element elementor-element-4c7daae e-flex e-con-boxed e-con e-child\" data-id=\"4c7daae\" data-element_type=\"container\" data-e-type=\"container\">\n\t\t\t\t\t<div class=\"e-con-inner\">\n\t\t\t\t<div class=\"elementor-element elementor-element-0a78565 elementor-widget elementor-widget-text-editor\" data-id=\"0a78565\" data-element_type=\"widget\" data-e-type=\"widget\" data-widget_type=\"text-editor.default\">\n\t\t\t\t\t\t\t\t\t<p>Classical Concerts Vienna vereint die bedeutendsten klassischen Konzerterlebnisse unserer Stadt auf einer Plattform. Drei unterschiedliche Konzertformate, drei au\u00dfergew\u00f6hnliche Spielst\u00e4tten \u2013 verbunden durch die gro\u00dfe Tradition der Wiener Klassik.<\/p>\t\t\t\t\t\t\t\t<\/div>\n\t\t\t\t<div class=\"elementor-element elementor-element-6be9298 elementor-widget elementor-widget-heading\" data-id=\"6be9298\" data-element_type=\"widget\" data-e-type=\"widget\" data-widget_type=\"heading.default\">\n\t\t\t\t\t<h3 class=\"elementor-heading-title elementor-size-default\">Unsere klassischen Konzerterlebnisse<\/h3>\t\t\t\t<\/div>\n\t\t<div class=\"elementor-element elementor-element-1b647a1 e-grid e-con-full e-con e-child\" data-id=\"1b647a1\" data-element_type=\"container\" data-e-type=\"container\">\n\t\t<a class=\"elementor-element elementor-element-ccb8f2e e-con-full e-flex e-con e-child\" data-id=\"ccb8f2e\" data-element_type=\"container\" data-e-type=\"container\" href=\"https:\/\/www.mozart.wien\" target=\"_blank\">\n\t\t<div class=\"elementor-element elementor-element-9634cbf e-con-full e-flex e-con e-child\" data-id=\"9634cbf\" data-element_type=\"container\" data-e-type=\"container\">\n\t\t\t\t<div class=\"elementor-element elementor-element-de2dbfe elementor-widget elementor-widget-image\" data-id=\"de2dbfe\" data-element_type=\"widget\" data-e-type=\"widget\" data-widget_type=\"image.default\">\n\t\t\t\t\t\t\t\t\t\t\t\t\t\t\t<img fetchpriority=\"high\" decoding=\"async\" width=\"1920\" height=\"1281\" src=\"https:\/\/www.concertsinvienna.com\/wp-content\/uploads\/2026\/03\/5.jpg\" class=\"elementor-animation-grow attachment-full size-full wp-image-16\" alt=\"\" srcset=\"https:\/\/www.concertsinvienna.com\/wp-content\/uploads\/2026\/03\/5.jpg 1920w, https:\/\/www.concertsinvienna.com\/wp-content\/uploads\/2026\/03\/5-300x200.jpg 300w, https:\/\/www.concertsinvienna.com\/wp-content\/uploads\/2026\/03\/5-1024x683.jpg 1024w, https:\/\/www.concertsinvienna.com\/wp-content\/uploads\/2026\/03\/5-768x512.jpg 768w, https:\/\/www.concertsinvienna.com\/wp-content\/uploads\/2026\/03\/5-1536x1025.jpg 1536w, https:\/\/www.concertsinvienna.com\/wp-content\/uploads\/2026\/03\/5-18x12.jpg 18w\" sizes=\"(max-width: 1920px) 100vw, 1920px\" \/>\t\t\t\t\t\t\t\t\t\t\t\t\t\t\t<\/div>\n\t\t\t\t<\/div>\n\t\t<div class=\"elementor-element elementor-element-51229b3 e-con-full e-flex e-con e-child\" data-id=\"51229b3\" data-element_type=\"container\" data-e-type=\"container\" data-settings=\"{&quot;background_background&quot;:&quot;classic&quot;}\">\n\t\t\t\t<div class=\"elementor-element elementor-element-18c09ca elementor-widget elementor-widget-image\" data-id=\"18c09ca\" data-element_type=\"widget\" data-e-type=\"widget\" data-widget_type=\"image.default\">\n\t\t\t\t\t\t\t\t\t\t\t\t\t\t\t<img decoding=\"async\" width=\"622\" height=\"155\" src=\"https:\/\/www.concertsinvienna.com\/wp-content\/uploads\/2026\/03\/SCHRIFTZUG-KONZERT-e1773672539735.png\" class=\"attachment-full size-full wp-image-22\" alt=\"\" srcset=\"https:\/\/www.concertsinvienna.com\/wp-content\/uploads\/2026\/03\/SCHRIFTZUG-KONZERT-e1773672539735.png 622w, https:\/\/www.concertsinvienna.com\/wp-content\/uploads\/2026\/03\/SCHRIFTZUG-KONZERT-e1773672539735-300x75.png 300w, https:\/\/www.concertsinvienna.com\/wp-content\/uploads\/2026\/03\/SCHRIFTZUG-KONZERT-e1773672539735-18x4.png 18w\" sizes=\"(max-width: 622px) 100vw, 622px\" \/>\t\t\t\t\t\t\t\t\t\t\t\t\t\t\t<\/div>\n\t\t\t\t<\/div>\n\t\t\t\t<\/a>\n\t\t<a class=\"elementor-element elementor-element-d43b960 e-con-full e-flex e-con e-child\" data-id=\"d43b960\" data-element_type=\"container\" data-e-type=\"container\" href=\"https:\/\/www.straussdinnershow.com\" target=\"_blank\">\n\t\t<div class=\"elementor-element elementor-element-0648aa1 e-con-full e-flex e-con e-child\" data-id=\"0648aa1\" data-element_type=\"container\" data-e-type=\"container\">\n\t\t\t\t<div class=\"elementor-element elementor-element-bbd7811 elementor-widget elementor-widget-image\" data-id=\"bbd7811\" data-element_type=\"widget\" data-e-type=\"widget\" data-widget_type=\"image.default\">\n\t\t\t\t\t\t\t\t\t\t\t\t\t\t\t<img decoding=\"async\" width=\"1920\" height=\"1281\" src=\"https:\/\/www.concertsinvienna.com\/wp-content\/uploads\/2026\/03\/7.jpg\" class=\"elementor-animation-grow attachment-full size-full wp-image-17\" alt=\"\" srcset=\"https:\/\/www.concertsinvienna.com\/wp-content\/uploads\/2026\/03\/7.jpg 1920w, https:\/\/www.concertsinvienna.com\/wp-content\/uploads\/2026\/03\/7-300x200.jpg 300w, https:\/\/www.concertsinvienna.com\/wp-content\/uploads\/2026\/03\/7-1024x683.jpg 1024w, https:\/\/www.concertsinvienna.com\/wp-content\/uploads\/2026\/03\/7-768x512.jpg 768w, https:\/\/www.concertsinvienna.com\/wp-content\/uploads\/2026\/03\/7-1536x1025.jpg 1536w, https:\/\/www.concertsinvienna.com\/wp-content\/uploads\/2026\/03\/7-18x12.jpg 18w\" sizes=\"(max-width: 1920px) 100vw, 1920px\" \/>\t\t\t\t\t\t\t\t\t\t\t\t\t\t\t<\/div>\n\t\t\t\t<\/div>\n\t\t<div class=\"elementor-element elementor-element-7fe4f27 e-con-full e-flex e-con e-child\" data-id=\"7fe4f27\" data-element_type=\"container\" data-e-type=\"container\" data-settings=\"{&quot;background_background&quot;:&quot;classic&quot;}\">\n\t\t\t\t<div class=\"elementor-element elementor-element-d11803e elementor-widget elementor-widget-image\" data-id=\"d11803e\" data-element_type=\"widget\" data-e-type=\"widget\" data-widget_type=\"image.default\">\n\t\t\t\t\t\t\t\t\t\t\t\t\t\t\t<img loading=\"lazy\" decoding=\"async\" width=\"2560\" height=\"545\" src=\"https:\/\/www.concertsinvienna.com\/wp-content\/uploads\/2026\/03\/version_ueberstehend-02-scaled.png\" class=\"attachment-full size-full wp-image-47\" alt=\"\" srcset=\"https:\/\/www.concertsinvienna.com\/wp-content\/uploads\/2026\/03\/version_ueberstehend-02-scaled.png 2560w, https:\/\/www.concertsinvienna.com\/wp-content\/uploads\/2026\/03\/version_ueberstehend-02-300x64.png 300w, https:\/\/www.concertsinvienna.com\/wp-content\/uploads\/2026\/03\/version_ueberstehend-02-1024x218.png 1024w, https:\/\/www.concertsinvienna.com\/wp-content\/uploads\/2026\/03\/version_ueberstehend-02-768x163.png 768w, https:\/\/www.concertsinvienna.com\/wp-content\/uploads\/2026\/03\/version_ueberstehend-02-1536x327.png 1536w, https:\/\/www.concertsinvienna.com\/wp-content\/uploads\/2026\/03\/version_ueberstehend-02-2048x436.png 2048w, https:\/\/www.concertsinvienna.com\/wp-content\/uploads\/2026\/03\/version_ueberstehend-02-18x4.png 18w\" sizes=\"(max-width: 2560px) 100vw, 2560px\" \/>\t\t\t\t\t\t\t\t\t\t\t\t\t\t\t<\/div>\n\t\t\t\t<\/div>\n\t\t\t\t<\/a>\n\t\t<a class=\"elementor-element elementor-element-1594c92 e-con-full e-flex e-con e-child\" data-id=\"1594c92\" data-element_type=\"container\" data-e-type=\"container\" href=\"https:\/\/www.imperialgalaconcert.com\" target=\"_blank\">\n\t\t<div class=\"elementor-element elementor-element-3c71038 e-con-full e-flex e-con e-child\" data-id=\"3c71038\" data-element_type=\"container\" data-e-type=\"container\">\n\t\t\t\t<div class=\"elementor-element elementor-element-82a30a3 elementor-widget elementor-widget-image\" data-id=\"82a30a3\" data-element_type=\"widget\" data-e-type=\"widget\" data-widget_type=\"image.default\">\n\t\t\t\t\t\t\t\t\t\t\t\t\t\t\t<img loading=\"lazy\" decoding=\"async\" width=\"1920\" height=\"1281\" src=\"https:\/\/www.concertsinvienna.com\/wp-content\/uploads\/2026\/03\/17.jpg\" class=\"elementor-animation-grow attachment-full size-full wp-image-18\" alt=\"\" srcset=\"https:\/\/www.concertsinvienna.com\/wp-content\/uploads\/2026\/03\/17.jpg 1920w, https:\/\/www.concertsinvienna.com\/wp-content\/uploads\/2026\/03\/17-300x200.jpg 300w, https:\/\/www.concertsinvienna.com\/wp-content\/uploads\/2026\/03\/17-1024x683.jpg 1024w, https:\/\/www.concertsinvienna.com\/wp-content\/uploads\/2026\/03\/17-768x512.jpg 768w, https:\/\/www.concertsinvienna.com\/wp-content\/uploads\/2026\/03\/17-1536x1025.jpg 1536w, https:\/\/www.concertsinvienna.com\/wp-content\/uploads\/2026\/03\/17-18x12.jpg 18w\" sizes=\"(max-width: 1920px) 100vw, 1920px\" \/>\t\t\t\t\t\t\t\t\t\t\t\t\t\t\t<\/div>\n\t\t\t\t<\/div>\n\t\t<div class=\"elementor-element elementor-element-8ffb278 e-con-full e-flex e-con e-child\" data-id=\"8ffb278\" data-element_type=\"container\" data-e-type=\"container\" data-settings=\"{&quot;background_background&quot;:&quot;classic&quot;}\">\n\t\t\t\t<div class=\"elementor-element elementor-element-e73aa64 elementor-widget elementor-widget-image\" data-id=\"e73aa64\" data-element_type=\"widget\" data-e-type=\"widget\" data-widget_type=\"image.default\">\n\t\t\t\t\t\t\t\t\t\t\t\t\t\t\t<img loading=\"lazy\" decoding=\"async\" width=\"342\" height=\"210\" src=\"https:\/\/www.concertsinvienna.com\/wp-content\/uploads\/2026\/03\/Logo_917239.png\" class=\"attachment-full size-full wp-image-48\" alt=\"\" srcset=\"https:\/\/www.concertsinvienna.com\/wp-content\/uploads\/2026\/03\/Logo_917239.png 342w, https:\/\/www.concertsinvienna.com\/wp-content\/uploads\/2026\/03\/Logo_917239-300x184.png 300w, https:\/\/www.concertsinvienna.com\/wp-content\/uploads\/2026\/03\/Logo_917239-18x12.png 18w\" sizes=\"(max-width: 342px) 100vw, 342px\" \/>\t\t\t\t\t\t\t\t\t\t\t\t\t\t\t<\/div>\n\t\t\t\t<\/div>\n\t\t\t\t<\/a>\n\t\t<a class=\"elementor-element elementor-element-5d087e0 e-con-full e-flex e-con e-child\" data-id=\"5d087e0\" data-element_type=\"container\" data-e-type=\"container\" href=\"https:\/\/www.palaisauersperg.events\/events\/palais-of-lights\/\" target=\"_blank\">\n\t\t<div class=\"elementor-element elementor-element-1f43feb e-con-full e-flex e-con e-child\" data-id=\"1f43feb\" data-element_type=\"container\" data-e-type=\"container\">\n\t\t\t\t<div class=\"elementor-element elementor-element-d924a84 elementor-widget elementor-widget-image\" data-id=\"d924a84\" data-element_type=\"widget\" data-e-type=\"widget\" data-widget_type=\"image.default\">\n\t\t\t\t\t\t\t\t\t\t\t\t\t\t\t<img loading=\"lazy\" decoding=\"async\" width=\"1067\" height=\"712\" src=\"https:\/\/www.concertsinvienna.com\/wp-content\/uploads\/2026\/03\/3-_M8A0008-e1773694074400.jpg\" class=\"elementor-animation-grow attachment-full size-full wp-image-15\" alt=\"\" srcset=\"https:\/\/www.concertsinvienna.com\/wp-content\/uploads\/2026\/03\/3-_M8A0008-e1773694074400.jpg 1067w, https:\/\/www.concertsinvienna.com\/wp-content\/uploads\/2026\/03\/3-_M8A0008-e1773694074400-300x200.jpg 300w, https:\/\/www.concertsinvienna.com\/wp-content\/uploads\/2026\/03\/3-_M8A0008-e1773694074400-1024x683.jpg 1024w, https:\/\/www.concertsinvienna.com\/wp-content\/uploads\/2026\/03\/3-_M8A0008-e1773694074400-768x512.jpg 768w, https:\/\/www.concertsinvienna.com\/wp-content\/uploads\/2026\/03\/3-_M8A0008-e1773694074400-18x12.jpg 18w\" sizes=\"(max-width: 1067px) 100vw, 1067px\" \/>\t\t\t\t\t\t\t\t\t\t\t\t\t\t\t<\/div>\n\t\t\t\t<\/div>\n\t\t<div class=\"elementor-element elementor-element-6c5efd7 e-con-full e-flex e-con e-child\" data-id=\"6c5efd7\" data-element_type=\"container\" data-e-type=\"container\" data-settings=\"{&quot;background_background&quot;:&quot;classic&quot;}\">\n\t\t\t\t<div class=\"elementor-element elementor-element-337c1ec elementor-widget elementor-widget-image\" data-id=\"337c1ec\" data-element_type=\"widget\" data-e-type=\"widget\" data-widget_type=\"image.default\">\n\t\t\t\t\t\t\t\t\t\t\t\t\t\t\t<img loading=\"lazy\" decoding=\"async\" width=\"504\" height=\"158\" src=\"https:\/\/www.concertsinvienna.com\/wp-content\/uploads\/2026\/03\/Ebene_2.png\" class=\"attachment-full size-full wp-image-82\" alt=\"\" srcset=\"https:\/\/www.concertsinvienna.com\/wp-content\/uploads\/2026\/03\/Ebene_2.png 504w, https:\/\/www.concertsinvienna.com\/wp-content\/uploads\/2026\/03\/Ebene_2-300x94.png 300w, https:\/\/www.concertsinvienna.com\/wp-content\/uploads\/2026\/03\/Ebene_2-18x6.png 18w\" sizes=\"(max-width: 504px) 100vw, 504px\" \/>\t\t\t\t\t\t\t\t\t\t\t\t\t\t\t<\/div>\n\t\t\t\t<\/div>\n\t\t\t\t<\/a>\n\t\t\t\t<\/div>\n\t\t\t\t<div class=\"elementor-element elementor-element-aa96b3d elementor-widget elementor-widget-heading\" data-id=\"aa96b3d\" data-element_type=\"widget\" data-e-type=\"widget\" data-widget_type=\"heading.default\">\n\t\t\t\t\t<h3 class=\"elementor-heading-title elementor-size-default\">Klassische Erlebnisse in au\u00dfergew\u00f6hnlichem Ambiente<\/h3>\t\t\t\t<\/div>\n\t\t\t\t<div class=\"elementor-element elementor-element-1121d5e elementor-widget elementor-widget-text-editor\" data-id=\"1121d5e\" data-element_type=\"widget\" data-e-type=\"widget\" data-widget_type=\"text-editor.default\">\n\t\t\t\t\t\t\t\t\t<p>Ob traditionsreiches Orchesterkonzert, kulinarische Musikshow, festliche Gala oder romantisches Candle-Light-Erlebnis \u2013 unsere Formate stehen f\u00fcr musikalische Qualit\u00e4t, stilvolle Inszenierung und besondere Spielst\u00e4tten im Herzen Wiens.<\/p><p>Jedes Konzert folgt einem eigenen Konzept und Charakter. Vom klangvollen Orchesterabend in historischen S\u00e4len \u00fcber eindrucksvolle Gala-Programme bis hin zu atmosph\u00e4rischen Abenden bei Kerzenschein entstehen sorgf\u00e4ltig kuratierte Erlebnisse, die Musik, Ambiente und Wiener Tradition harmonisch verbinden.<\/p><p>Unsere Produktionen richten sich an G\u00e4ste aus aller Welt ebenso wie an Wienerinnen und Wiener, die klassische Musik in einem besonderen Rahmen erleben m\u00f6chten. Dabei steht stets die Verbindung aus k\u00fcnstlerischer Exzellenz, historischer Kulisse und einem stimmungsvollen Gesamterlebnis im Mittelpunkt.<\/p><p>Entdecken Sie die Vielfalt unserer Konzertwelt und finden Sie das Format, das am besten zu Ihrem Anlass passt \u2013 f\u00fcr einen unvergesslichen Abend in Wien.<\/p>\t\t\t\t\t\t\t\t<\/div>\n\t\t<div class=\"elementor-element elementor-element-bc72491 e-con-full e-flex e-con e-child\" data-id=\"bc72491\" data-element_type=\"container\" data-e-type=\"container\">\n\t\t\t\t<div class=\"elementor-element elementor-element-7934e43 elementor-icon-list--layout-inline elementor-align-center elementor-list-item-link-full_width elementor-widget elementor-widget-icon-list\" data-id=\"7934e43\" data-element_type=\"widget\" data-e-type=\"widget\" data-widget_type=\"icon-list.default\">\n\t\t\t\t\t\t\t<ul class=\"elementor-icon-list-items elementor-inline-items\">\n\t\t\t\t\t\t\t<li class=\"elementor-icon-list-item elementor-inline-item\">\n\t\t\t\t\t\t\t\t\t\t\t<a href=\"#elementor-action%3Aaction%3Dpopup%3Aopen%26settings%3DeyJpZCI6IjU4IiwidG9nZ2xlIjpmYWxzZX0%3D\">\n\n\t\t\t\t\t\t\t\t\t\t\t<span class=\"elementor-icon-list-text\">Impressum<\/span>\n\t\t\t\t\t\t\t\t\t\t\t<\/a>\n\t\t\t\t\t\t\t\t\t<\/li>\n\t\t\t\t\t\t\t\t<li class=\"elementor-icon-list-item elementor-inline-item\">\n\t\t\t\t\t\t\t\t\t\t\t<a href=\"#elementor-action%3Aaction%3Dpopup%3Aopen%26settings%3DeyJpZCI6IjY1IiwidG9nZ2xlIjpmYWxzZX0%3D\">\n\n\t\t\t\t\t\t\t\t\t\t\t<span class=\"elementor-icon-list-text\">Datenschutz<\/span>\n\t\t\t\t\t\t\t\t\t\t\t<\/a>\n\t\t\t\t\t\t\t\t\t<\/li>\n\t\t\t\t\t\t<\/ul>\n\t\t\t\t\t\t<\/div>\n\t\t\t\t<\/div>\n\t\t\t\t\t<\/div>\n\t\t\t\t<\/div>\n\t\t\t\t<\/div>\n\t\t\t\t<\/div>","protected":false},"excerpt":{"rendered":"<p>Classical Concerts in Vienna Daily Concerts in Vienna&#8217;s finest venues Classical Concerts Vienna brings together the most distinguished classical concert experiences of our city on one platform. Three unique concert formats, three exceptional venues \u2013 united by the great tradition of Viennese classical music. Our Classical Concert Experiences Classical Experiences in an Extraordinary Setting Whether [&hellip;]<\/p>\n","protected":false},"author":1,"featured_media":7,"parent":0,"menu_order":0,"comment_status":"closed","ping_status":"closed","template":"elementor_canvas","meta":{"footnotes":""},"class_list":["post-19","page","type-page","status-publish","has-post-thumbnail","hentry"],"yoast_head":"<!-- This site is optimized with the Yoast SEO plugin v27.2 - https:\/\/yoast.com\/product\/yoast-seo-wordpress\/ -->\n<title>Concerts in Vienna | The Musical Elite<\/title>\n<meta name=\"description\" content=\"Overview of classical concerts in Vienna: Vienna Mozart Orchestra, Strauss Dinner Show, Imperial Gala Concert and Palais of Lights. All dates and tickets available for direct online booking.\" \/>\n<meta name=\"robots\" content=\"index, follow, max-snippet:-1, max-image-preview:large, max-video-preview:-1\" \/>\n<link rel=\"canonical\" href=\"https:\/\/www.concertsinvienna.com\/de\/\" \/>\n<meta property=\"og:locale\" content=\"de_DE\" \/>\n<meta property=\"og:type\" content=\"article\" \/>\n<meta property=\"og:title\" content=\"Concerts in Vienna | The Musical Elite\" \/>\n<meta property=\"og:description\" content=\"Overview of classical concerts in Vienna: Vienna Mozart Orchestra, Strauss Dinner Show, Imperial Gala Concert and Palais of Lights. All dates and tickets available for direct online booking.\" \/>\n<meta property=\"og:url\" content=\"https:\/\/www.concertsinvienna.com\/de\/\" \/>\n<meta property=\"og:site_name\" content=\"Concerts in Vienna\" \/>\n<meta property=\"article:modified_time\" content=\"2026-03-17T14:28:27+00:00\" \/>\n<meta property=\"og:image\" content=\"https:\/\/www.concertsinvienna.com\/wp-content\/uploads\/2026\/03\/Cover-Bild-1-scaled.jpg\" \/>\n\t<meta property=\"og:image:width\" content=\"2560\" \/>\n\t<meta property=\"og:image:height\" content=\"1708\" \/>\n\t<meta property=\"og:image:type\" content=\"image\/jpeg\" \/>\n<meta name=\"twitter:card\" content=\"summary_large_image\" \/>\n<meta name=\"twitter:label1\" content=\"Gesch\u00e4tzte Lesezeit\" \/>\n\t<meta name=\"twitter:data1\" content=\"2\u00a0Minuten\" \/>\n<script type=\"application\/ld+json\" class=\"yoast-schema-graph\">{\"@context\":\"https:\/\/schema.org\",\"@graph\":[{\"@type\":\"WebPage\",\"@id\":\"https:\/\/www.concertsinvienna.com\/\",\"url\":\"https:\/\/www.concertsinvienna.com\/\",\"name\":\"Concerts in Vienna | The Musical Elite\",\"isPartOf\":{\"@id\":\"https:\/\/www.concertsinvienna.com\/#website\"},\"primaryImageOfPage\":{\"@id\":\"https:\/\/www.concertsinvienna.com\/#primaryimage\"},\"image\":{\"@id\":\"https:\/\/www.concertsinvienna.com\/#primaryimage\"},\"thumbnailUrl\":\"https:\/\/www.concertsinvienna.com\/wp-content\/uploads\/2026\/03\/Cover-Bild-1-scaled.jpg\",\"datePublished\":\"2026-03-16T14:47:41+00:00\",\"dateModified\":\"2026-03-17T14:28:27+00:00\",\"description\":\"Overview of classical concerts in Vienna: Vienna Mozart Orchestra, Strauss Dinner Show, Imperial Gala Concert and Palais of Lights. All dates and tickets available for direct online booking.\",\"breadcrumb\":{\"@id\":\"https:\/\/www.concertsinvienna.com\/#breadcrumb\"},\"inLanguage\":\"de\",\"potentialAction\":[{\"@type\":\"ReadAction\",\"target\":[\"https:\/\/www.concertsinvienna.com\/\"]}]},{\"@type\":\"ImageObject\",\"inLanguage\":\"de\",\"@id\":\"https:\/\/www.concertsinvienna.com\/#primaryimage\",\"url\":\"https:\/\/www.concertsinvienna.com\/wp-content\/uploads\/2026\/03\/Cover-Bild-1-scaled.jpg\",\"contentUrl\":\"https:\/\/www.concertsinvienna.com\/wp-content\/uploads\/2026\/03\/Cover-Bild-1-scaled.jpg\",\"width\":2560,\"height\":1708},{\"@type\":\"BreadcrumbList\",\"@id\":\"https:\/\/www.concertsinvienna.com\/#breadcrumb\",\"itemListElement\":[{\"@type\":\"ListItem\",\"position\":1,\"name\":\"Start\",\"item\":\"https:\/\/www.concertsinvienna.com\/\"},{\"@type\":\"ListItem\",\"position\":2,\"name\":\"Startseite\"}]},{\"@type\":\"WebSite\",\"@id\":\"https:\/\/www.concertsinvienna.com\/#website\",\"url\":\"https:\/\/www.concertsinvienna.com\/\",\"name\":\"Concerts in Vienna\",\"description\":\"\",\"potentialAction\":[{\"@type\":\"SearchAction\",\"target\":{\"@type\":\"EntryPoint\",\"urlTemplate\":\"https:\/\/www.concertsinvienna.com\/?s={search_term_string}\"},\"query-input\":{\"@type\":\"PropertyValueSpecification\",\"valueRequired\":true,\"valueName\":\"search_term_string\"}}],\"inLanguage\":\"de\"}]}<\/script>\n<!-- \/ Yoast SEO plugin. -->","yoast_head_json":{"title":"Concerts in Vienna | The Musical Elite","description":"Overview of classical concerts in Vienna: Vienna Mozart Orchestra, Strauss Dinner Show, Imperial Gala Concert and Palais of Lights. All dates and tickets available for direct online booking.","robots":{"index":"index","follow":"follow","max-snippet":"max-snippet:-1","max-image-preview":"max-image-preview:large","max-video-preview":"max-video-preview:-1"},"canonical":"https:\/\/www.concertsinvienna.com\/de\/","og_locale":"de_DE","og_type":"article","og_title":"Concerts in Vienna | The Musical Elite","og_description":"Overview of classical concerts in Vienna: Vienna Mozart Orchestra, Strauss Dinner Show, Imperial Gala Concert and Palais of Lights. All dates and tickets available for direct online booking.","og_url":"https:\/\/www.concertsinvienna.com\/de\/","og_site_name":"Concerts in Vienna","article_modified_time":"2026-03-17T14:28:27+00:00","og_image":[{"width":2560,"height":1708,"url":"https:\/\/www.concertsinvienna.com\/wp-content\/uploads\/2026\/03\/Cover-Bild-1-scaled.jpg","type":"image\/jpeg"}],"twitter_card":"summary_large_image","twitter_misc":{"Gesch\u00e4tzte Lesezeit":"2\u00a0Minuten"},"schema":{"@context":"https:\/\/schema.org","@graph":[{"@type":"WebPage","@id":"https:\/\/www.concertsinvienna.com\/","url":"https:\/\/www.concertsinvienna.com\/","name":"Concerts in Vienna | The Musical Elite","isPartOf":{"@id":"https:\/\/www.concertsinvienna.com\/#website"},"primaryImageOfPage":{"@id":"https:\/\/www.concertsinvienna.com\/#primaryimage"},"image":{"@id":"https:\/\/www.concertsinvienna.com\/#primaryimage"},"thumbnailUrl":"https:\/\/www.concertsinvienna.com\/wp-content\/uploads\/2026\/03\/Cover-Bild-1-scaled.jpg","datePublished":"2026-03-16T14:47:41+00:00","dateModified":"2026-03-17T14:28:27+00:00","description":"Overview of classical concerts in Vienna: Vienna Mozart Orchestra, Strauss Dinner Show, Imperial Gala Concert and Palais of Lights. All dates and tickets available for direct online booking.","breadcrumb":{"@id":"https:\/\/www.concertsinvienna.com\/#breadcrumb"},"inLanguage":"de","potentialAction":[{"@type":"ReadAction","target":["https:\/\/www.concertsinvienna.com\/"]}]},{"@type":"ImageObject","inLanguage":"de","@id":"https:\/\/www.concertsinvienna.com\/#primaryimage","url":"https:\/\/www.concertsinvienna.com\/wp-content\/uploads\/2026\/03\/Cover-Bild-1-scaled.jpg","contentUrl":"https:\/\/www.concertsinvienna.com\/wp-content\/uploads\/2026\/03\/Cover-Bild-1-scaled.jpg","width":2560,"height":1708},{"@type":"BreadcrumbList","@id":"https:\/\/www.concertsinvienna.com\/#breadcrumb","itemListElement":[{"@type":"ListItem","position":1,"name":"Start","item":"https:\/\/www.concertsinvienna.com\/"},{"@type":"ListItem","position":2,"name":"Startseite"}]},{"@type":"WebSite","@id":"https:\/\/www.concertsinvienna.com\/#website","url":"https:\/\/www.concertsinvienna.com\/","name":"Concerts in Vienna","description":"","potentialAction":[{"@type":"SearchAction","target":{"@type":"EntryPoint","urlTemplate":"https:\/\/www.concertsinvienna.com\/?s={search_term_string}"},"query-input":{"@type":"PropertyValueSpecification","valueRequired":true,"valueName":"search_term_string"}}],"inLanguage":"de"}]}},"_links":{"self":[{"href":"https:\/\/www.concertsinvienna.com\/de\/wp-json\/wp\/v2\/pages\/19","targetHints":{"allow":["GET"]}}],"collection":[{"href":"https:\/\/www.concertsinvienna.com\/de\/wp-json\/wp\/v2\/pages"}],"about":[{"href":"https:\/\/www.concertsinvienna.com\/de\/wp-json\/wp\/v2\/types\/page"}],"author":[{"embeddable":true,"href":"https:\/\/www.concertsinvienna.com\/de\/wp-json\/wp\/v2\/users\/1"}],"replies":[{"embeddable":true,"href":"https:\/\/www.concertsinvienna.com\/de\/wp-json\/wp\/v2\/comments?post=19"}],"version-history":[{"count":50,"href":"https:\/\/www.concertsinvienna.com\/de\/wp-json\/wp\/v2\/pages\/19\/revisions"}],"predecessor-version":[{"id":97,"href":"https:\/\/www.concertsinvienna.com\/de\/wp-json\/wp\/v2\/pages\/19\/revisions\/97"}],"wp:featuredmedia":[{"embeddable":true,"href":"https:\/\/www.concertsinvienna.com\/de\/wp-json\/wp\/v2\/media\/7"}],"wp:attachment":[{"href":"https:\/\/www.concertsinvienna.com\/de\/wp-json\/wp\/v2\/media?parent=19"}],"curies":[{"name":"wp","href":"https:\/\/api.w.org\/{rel}","templated":true}]}}